{"id":903,"date":"2024-06-20T14:17:45","date_gmt":"2024-06-20T12:17:45","guid":{"rendered":"https:\/\/demain-c-relache.fr\/?page_id=903"},"modified":"2024-06-20T14:54:33","modified_gmt":"2024-06-20T12:54:33","slug":"production","status":"publish","type":"page","link":"https:\/\/demain-c-relache.fr\/index.php\/production\/","title":{"rendered":"Production"},"content":{"rendered":"\t\t<div data-elementor-type=\"wp-page\" data-elementor-id=\"903\" class=\"elementor elementor-903\">\n\t\t\t\t<div class=\"elementor-element elementor-element-5a88f1a e-flex e-con-boxed e-con e-parent\" data-id=\"5a88f1a\" data-element_type=\"container\">\n\t\t\t\t\t<div class=\"e-con-inner\">\n\t\t<div class=\"elementor-element elementor-element-d2773b9 e-con-full e-flex e-con e-child\" data-id=\"d2773b9\" data-element_type=\"container\">\n\t\t\t\t<div class=\"elementor-element elementor-element-0e8a1ba elementor-widget elementor-widget-image\" data-id=\"0e8a1ba\" data-element_type=\"widget\" data-widget_type=\"image.default\">\n\t\t\t\t<div class=\"elementor-widget-container\">\n\t\t\t<style>\/*! elementor - v3.22.0 - 17-06-2024 *\/\n.elementor-widget-image{text-align:center}.elementor-widget-image a{display:inline-block}.elementor-widget-image a img[src$=\".svg\"]{width:48px}.elementor-widget-image img{vertical-align:middle;display:inline-block}<\/style>\t\t\t\t\t\t\t\t\t\t<img fetchpriority=\"high\" decoding=\"async\" width=\"724\" height=\"1024\" src=\"https:\/\/demain-c-relache.fr\/wp-content\/uploads\/2024\/05\/65f024e5e1bfcfdbe6dd1b5c_Affiche-spectacle-p-800-724x1024.jpeg\" class=\"attachment-large size-large wp-image-803\" alt=\"\" srcset=\"https:\/\/demain-c-relache.fr\/wp-content\/uploads\/2024\/05\/65f024e5e1bfcfdbe6dd1b5c_Affiche-spectacle-p-800-724x1024.jpeg 724w, https:\/\/demain-c-relache.fr\/wp-content\/uploads\/2024\/05\/65f024e5e1bfcfdbe6dd1b5c_Affiche-spectacle-p-800-212x300.jpeg 212w, https:\/\/demain-c-relache.fr\/wp-content\/uploads\/2024\/05\/65f024e5e1bfcfdbe6dd1b5c_Affiche-spectacle-p-800-768x1087.jpeg 768w, https:\/\/demain-c-relache.fr\/wp-content\/uploads\/2024\/05\/65f024e5e1bfcfdbe6dd1b5c_Affiche-spectacle-p-800.jpeg 800w\" sizes=\"(max-width: 724px) 100vw, 724px\" \/>\t\t\t\t\t\t\t\t\t\t\t\t\t<\/div>\n\t\t\t\t<\/div>\n\t\t\t\t<\/div>\n\t\t<div class=\"elementor-element elementor-element-47f45f9 e-con-full e-flex e-con e-child\" data-id=\"47f45f9\" data-element_type=\"container\">\n\t\t\t\t<div class=\"elementor-element elementor-element-9b91dff elementor-widget elementor-widget-heading\" data-id=\"9b91dff\" data-element_type=\"widget\" data-widget_type=\"heading.default\">\n\t\t\t\t<div class=\"elementor-widget-container\">\n\t\t\t<style>\/*! elementor - v3.22.0 - 17-06-2024 *\/\n.elementor-heading-title{padding:0;margin:0;line-height:1}.elementor-widget-heading .elementor-heading-title[class*=elementor-size-]>a{color:inherit;font-size:inherit;line-height:inherit}.elementor-widget-heading .elementor-heading-title.elementor-size-small{font-size:15px}.elementor-widget-heading .elementor-heading-title.elementor-size-medium{font-size:19px}.elementor-widget-heading .elementor-heading-title.elementor-size-large{font-size:29px}.elementor-widget-heading .elementor-heading-title.elementor-size-xl{font-size:39px}.elementor-widget-heading .elementor-heading-title.elementor-size-xxl{font-size:59px}<\/style><h3 class=\"elementor-heading-title elementor-size-default\">Cabaret de Clara Morgane<\/h3>\t\t<\/div>\n\t\t\t\t<\/div>\n\t\t\t\t<div class=\"elementor-element elementor-element-e685bce elementor-widget elementor-widget-text-editor\" data-id=\"e685bce\" data-element_type=\"widget\" data-widget_type=\"text-editor.default\">\n\t\t\t\t<div class=\"elementor-widget-container\">\n\t\t\t<style>\/*! elementor - v3.22.0 - 17-06-2024 *\/\n.elementor-widget-text-editor.elementor-drop-cap-view-stacked .elementor-drop-cap{background-color:#69727d;color:#fff}.elementor-widget-text-editor.elementor-drop-cap-view-framed .elementor-drop-cap{color:#69727d;border:3px solid;background-color:transparent}.elementor-widget-text-editor:not(.elementor-drop-cap-view-default) .elementor-drop-cap{margin-top:8px}.elementor-widget-text-editor:not(.elementor-drop-cap-view-default) .elementor-drop-cap-letter{width:1em;height:1em}.elementor-widget-text-editor .elementor-drop-cap{float:left;text-align:center;line-height:1;font-size:50px}.elementor-widget-text-editor .elementor-drop-cap-letter{display:inline-block}<\/style>\t\t\t\t<p style=\"text-align: center;\">Avec son tout dernier spectacle \u00ab\u00a0Au 7\u00e8me\u00a0\u00bb,<br \/>Clara Morgane vous embarque dans une aventure extraordinaire. Pr\u00e9parez-vous \u00e0 un voyage fascinant o\u00f9 danses envo\u00fbtantes, acrobaties vertigineuses, m\u00e9lodies captivantes, effeuillages burlesques et \u00e9clats de rire sont au programme.<\/p>\t\t\t\t\t\t<\/div>\n\t\t\t\t<\/div>\n\t\t\t\t<div class=\"elementor-element elementor-element-e28efec elementor-align-center elementor-widget elementor-widget-button\" data-id=\"e28efec\" data-element_type=\"widget\" data-widget_type=\"button.default\">\n\t\t\t\t<div class=\"elementor-widget-container\">\n\t\t\t\t\t<div class=\"elementor-button-wrapper\">\n\t\t\t<a class=\"elementor-button elementor-button-link elementor-size-sm\" href=\"https:\/\/www.lecabaretdeclaramorgane.com\/\">\n\t\t\t\t\t\t<span class=\"elementor-button-content-wrapper\">\n\t\t\t\t\t\t\t\t\t<span class=\"elementor-button-text\">D\u00e9couvrir le cabaret<\/span>\n\t\t\t\t\t<\/span>\n\t\t\t\t\t<\/a>\n\t\t<\/div>\n\t\t\t\t<\/div>\n\t\t\t\t<\/div>\n\t\t\t\t<\/div>\n\t\t\t\t\t<\/div>\n\t\t\t\t<\/div>\n\t\t<div class=\"elementor-element elementor-element-1de61ed e-flex e-con-boxed e-con e-parent\" data-id=\"1de61ed\" data-element_type=\"container\" data-settings=\"{&quot;background_background&quot;:&quot;classic&quot;}\">\n\t\t\t\t\t<div class=\"e-con-inner\">\n\t\t<div class=\"elementor-element elementor-element-2ad115a e-con-full e-flex e-con e-child\" data-id=\"2ad115a\" data-element_type=\"container\">\n\t\t\t\t<div class=\"elementor-element elementor-element-3e3813a elementor-widget elementor-widget-video\" data-id=\"3e3813a\" data-element_type=\"widget\" data-settings=\"{&quot;youtube_url&quot;:&quot;https:\\\/\\\/youtu.be\\\/jPtV1xums4o&quot;,&quot;video_type&quot;:&quot;youtube&quot;,&quot;controls&quot;:&quot;yes&quot;}\" data-widget_type=\"video.default\">\n\t\t\t\t<div class=\"elementor-widget-container\">\n\t\t\t<style>\/*! elementor - v3.22.0 - 17-06-2024 *\/\n.elementor-widget-video .elementor-widget-container{overflow:hidden;transform:translateZ(0)}.elementor-widget-video .elementor-wrapper{aspect-ratio:var(--video-aspect-ratio)}.elementor-widget-video .elementor-wrapper iframe,.elementor-widget-video .elementor-wrapper video{height:100%;width:100%;display:flex;border:none;background-color:#000}@supports not (aspect-ratio:1\/1){.elementor-widget-video .elementor-wrapper{position:relative;overflow:hidden;height:0;padding-bottom:calc(100% \/ var(--video-aspect-ratio))}.elementor-widget-video .elementor-wrapper iframe,.elementor-widget-video .elementor-wrapper video{position:absolute;top:0;right:0;bottom:0;left:0}}.elementor-widget-video .elementor-open-inline .elementor-custom-embed-image-overlay{position:absolute;top:0;right:0;bottom:0;left:0;background-size:cover;background-position:50%}.elementor-widget-video .elementor-custom-embed-image-overlay{cursor:pointer;text-align:center}.elementor-widget-video .elementor-custom-embed-image-overlay:hover .elementor-custom-embed-play i{opacity:1}.elementor-widget-video .elementor-custom-embed-image-overlay img{display:block;width:100%;aspect-ratio:var(--video-aspect-ratio);-o-object-fit:cover;object-fit:cover;-o-object-position:center center;object-position:center center}@supports not (aspect-ratio:1\/1){.elementor-widget-video .elementor-custom-embed-image-overlay{position:relative;overflow:hidden;height:0;padding-bottom:calc(100% \/ var(--video-aspect-ratio))}.elementor-widget-video .elementor-custom-embed-image-overlay img{position:absolute;top:0;right:0;bottom:0;left:0}}.elementor-widget-video .e-hosted-video .elementor-video{-o-object-fit:cover;object-fit:cover}.e-con-inner>.elementor-widget-video,.e-con>.elementor-widget-video{width:var(--container-widget-width);--flex-grow:var(--container-widget-flex-grow)}<\/style>\t\t<div class=\"elementor-wrapper elementor-open-inline\">\n\t\t\t<div class=\"elementor-video\"><\/div>\t\t<\/div>\n\t\t\t\t<\/div>\n\t\t\t\t<\/div>\n\t\t\t\t<\/div>\n\t\t<div class=\"elementor-element elementor-element-97a3d54 e-con-full e-flex e-con e-child\" data-id=\"97a3d54\" data-element_type=\"container\">\n\t\t\t\t<div class=\"elementor-element elementor-element-08cf239 elementor-widget elementor-widget-image\" data-id=\"08cf239\" data-element_type=\"widget\" data-widget_type=\"image.default\">\n\t\t\t\t<div class=\"elementor-widget-container\">\n\t\t\t\t\t\t\t\t\t\t\t\t\t<img decoding=\"async\" src=\"https:\/\/demain-c-relache.fr\/wp-content\/uploads\/elementor\/thumbs\/Telerama_logo-qpxsjg4l3w2chn7pzqypc24vtovdk7e6gz4nsobzeo.png\" title=\"Te\u0301le\u0301rama_logo\" alt=\"Te\u0301le\u0301rama_logo\" loading=\"lazy\" \/>\t\t\t\t\t\t\t\t\t\t\t\t\t<\/div>\n\t\t\t\t<\/div>\n\t\t\t\t<div class=\"elementor-element elementor-element-5e83351 elementor-widget elementor-widget-text-editor\" data-id=\"5e83351\" data-element_type=\"widget\" data-widget_type=\"text-editor.default\">\n\t\t\t\t<div class=\"elementor-widget-container\">\n\t\t\t\t\t\t\t<p style=\"text-align: center;\"><span style=\"color: #ffffff;\">\u00ab\u00a0CLARA MORGANE EST UNE \u00c9L\u00c9GANTE MA\u00ceTRESSE DE C\u00c9R\u00c9MONIE, MA\u00ceTRISANT TOUS LES CODES DE LA REVUE DANS UNE SINGULI\u00c8RE ODE \u00c0 LA F\u00c9MINIT\u00c9\u00a0\u00bb<\/span><\/p>\t\t\t\t\t\t<\/div>\n\t\t\t\t<\/div>\n\t\t\t\t<\/div>\n\t\t<div class=\"elementor-element elementor-element-dd7fb6c e-con-full e-flex e-con e-child\" data-id=\"dd7fb6c\" data-element_type=\"container\">\n\t\t\t\t<div class=\"elementor-element elementor-element-1c4982b elementor-align-center elementor-widget elementor-widget-button\" data-id=\"1c4982b\" data-element_type=\"widget\" data-widget_type=\"button.default\">\n\t\t\t\t<div class=\"elementor-widget-container\">\n\t\t\t\t\t<div class=\"elementor-button-wrapper\">\n\t\t\t<a class=\"elementor-button elementor-button-link elementor-size-sm\" href=\"https:\/\/www.lecabaretdeclaramorgane.com\/billetterie\">\n\t\t\t\t\t\t<span class=\"elementor-button-content-wrapper\">\n\t\t\t\t\t\t\t\t\t<span class=\"elementor-button-text\">Voir les prochaines dates<\/span>\n\t\t\t\t\t<\/span>\n\t\t\t\t\t<\/a>\n\t\t<\/div>\n\t\t\t\t<\/div>\n\t\t\t\t<\/div>\n\t\t\t\t<\/div>\n\t\t\t\t\t<\/div>\n\t\t\t\t<\/div>\n\t\t<div class=\"elementor-element elementor-element-eafa701 e-flex e-con-boxed e-con e-parent\" data-id=\"eafa701\" data-element_type=\"container\">\n\t\t\t\t\t<div class=\"e-con-inner\">\n\t\t<div class=\"elementor-element elementor-element-f659cd4 e-con-full e-flex e-con e-child\" data-id=\"f659cd4\" data-element_type=\"container\">\n\t\t\t\t<div class=\"elementor-element elementor-element-5a6f522 elementor-widget elementor-widget-heading\" data-id=\"5a6f522\" data-element_type=\"widget\" data-widget_type=\"heading.default\">\n\t\t\t\t<div class=\"elementor-widget-container\">\n\t\t\t<h3 class=\"elementor-heading-title elementor-size-default\">Thibaud Agoston - Addict<\/h3>\t\t<\/div>\n\t\t\t\t<\/div>\n\t\t\t\t<div class=\"elementor-element elementor-element-08c54cf elementor-widget elementor-widget-text-editor\" data-id=\"08c54cf\" data-element_type=\"widget\" data-widget_type=\"text-editor.default\">\n\t\t\t\t<div class=\"elementor-widget-container\">\n\t\t\t\t\t\t\t<p>Thibaud Agoston, humoriste genevois au flow unique, est l&rsquo;espoir du stand up.<\/p><p>Ce jeune humoriste d\u00e9crypte les travers de notre soci\u00e9t\u00e9 avec une plume piquante, une aisance d\u00e9routante et une po\u00e9sie qui lui est propre.<\/p>\t\t\t\t\t\t<\/div>\n\t\t\t\t<\/div>\n\t\t\t\t<div class=\"elementor-element elementor-element-1e98f89 elementor-align-center elementor-widget elementor-widget-button\" data-id=\"1e98f89\" data-element_type=\"widget\" data-widget_type=\"button.default\">\n\t\t\t\t<div class=\"elementor-widget-container\">\n\t\t\t\t\t<div class=\"elementor-button-wrapper\">\n\t\t\t<a class=\"elementor-button elementor-button-link elementor-size-sm\" href=\"https:\/\/www.thibaudagoston.com\/\">\n\t\t\t\t\t\t<span class=\"elementor-button-content-wrapper\">\n\t\t\t\t\t\t\t\t\t<span class=\"elementor-button-text\">D\u00e9couvrir le spectacle<\/span>\n\t\t\t\t\t<\/span>\n\t\t\t\t\t<\/a>\n\t\t<\/div>\n\t\t\t\t<\/div>\n\t\t\t\t<\/div>\n\t\t\t\t<\/div>\n\t\t<div class=\"elementor-element elementor-element-2fa6177 e-con-full e-flex e-con e-child\" data-id=\"2fa6177\" data-element_type=\"container\">\n\t\t\t\t<div class=\"elementor-element elementor-element-620196f elementor-widget elementor-widget-image\" data-id=\"620196f\" data-element_type=\"widget\" data-widget_type=\"image.default\">\n\t\t\t\t<div class=\"elementor-widget-container\">\n\t\t\t\t\t\t\t\t\t\t\t\t\t<img decoding=\"async\" width=\"819\" height=\"1024\" src=\"https:\/\/demain-c-relache.fr\/wp-content\/uploads\/2024\/05\/Affiche-819x1024.jpeg\" class=\"attachment-large size-large wp-image-802\" alt=\"\" srcset=\"https:\/\/demain-c-relache.fr\/wp-content\/uploads\/2024\/05\/Affiche-819x1024.jpeg 819w, https:\/\/demain-c-relache.fr\/wp-content\/uploads\/2024\/05\/Affiche-240x300.jpeg 240w, https:\/\/demain-c-relache.fr\/wp-content\/uploads\/2024\/05\/Affiche-768x960.jpeg 768w, https:\/\/demain-c-relache.fr\/wp-content\/uploads\/2024\/05\/Affiche.jpeg 1080w\" sizes=\"(max-width: 819px) 100vw, 819px\" \/>\t\t\t\t\t\t\t\t\t\t\t\t\t<\/div>\n\t\t\t\t<\/div>\n\t\t\t\t<\/div>\n\t\t\t\t\t<\/div>\n\t\t\t\t<\/div>\n\t\t<div class=\"elementor-element elementor-element-7d178b1 e-flex e-con-boxed e-con e-parent\" data-id=\"7d178b1\" data-element_type=\"container\" data-settings=\"{&quot;background_background&quot;:&quot;classic&quot;}\">\n\t\t\t\t\t<div class=\"e-con-inner\">\n\t\t<div class=\"elementor-element elementor-element-f0876ac e-con-full e-flex e-con e-child\" data-id=\"f0876ac\" data-element_type=\"container\">\n\t\t\t\t<div class=\"elementor-element elementor-element-c0144a9 elementor-widget elementor-widget-video\" data-id=\"c0144a9\" data-element_type=\"widget\" data-settings=\"{&quot;youtube_url&quot;:&quot;https:\\\/\\\/youtu.be\\\/zX_pvPyyZMA&quot;,&quot;video_type&quot;:&quot;youtube&quot;,&quot;controls&quot;:&quot;yes&quot;}\" data-widget_type=\"video.default\">\n\t\t\t\t<div class=\"elementor-widget-container\">\n\t\t\t\t\t<div class=\"elementor-wrapper elementor-open-inline\">\n\t\t\t<div class=\"elementor-video\"><\/div>\t\t<\/div>\n\t\t\t\t<\/div>\n\t\t\t\t<\/div>\n\t\t\t\t<\/div>\n\t\t<div class=\"elementor-element elementor-element-bf03cf1 e-con-full e-flex e-con e-child\" data-id=\"bf03cf1\" data-element_type=\"container\">\n\t\t\t\t<div class=\"elementor-element elementor-element-dfa4914 elementor-widget elementor-widget-image\" data-id=\"dfa4914\" data-element_type=\"widget\" data-widget_type=\"image.default\">\n\t\t\t\t<div class=\"elementor-widget-container\">\n\t\t\t\t\t\t\t\t\t\t\t\t\t<img decoding=\"async\" src=\"https:\/\/demain-c-relache.fr\/wp-content\/uploads\/elementor\/thumbs\/Telerama_logo-qpxsjg4mxo7ouhkgn5asvtzehur5mao1bndecz1eos.png\" title=\"Te\u0301le\u0301rama_logo\" alt=\"Te\u0301le\u0301rama_logo\" loading=\"lazy\" \/>\t\t\t\t\t\t\t\t\t\t\t\t\t<\/div>\n\t\t\t\t<\/div>\n\t\t\t\t<div class=\"elementor-element elementor-element-05b32ec elementor-widget elementor-widget-text-editor\" data-id=\"05b32ec\" data-element_type=\"widget\" data-widget_type=\"text-editor.default\">\n\t\t\t\t<div class=\"elementor-widget-container\">\n\t\t\t\t\t\t\t<p style=\"text-align: center;\"><span style=\"color: #ffffff;\">\u00ab\u00a0Thibaud Agoston se d\u00e9marque d\u00e8s les premi\u00e8res secondes par sa diction pr\u00e9cise et un flow \u00e0 mi-chemin entre rap et slam.\u00a0\u00bb<\/span><\/p>\t\t\t\t\t\t<\/div>\n\t\t\t\t<\/div>\n\t\t\t\t<\/div>\n\t\t<div class=\"elementor-element elementor-element-878a3cb e-con-full e-flex e-con e-child\" data-id=\"878a3cb\" data-element_type=\"container\">\n\t\t\t\t<div class=\"elementor-element elementor-element-01c8a90 elementor-align-center elementor-widget elementor-widget-button\" data-id=\"01c8a90\" data-element_type=\"widget\" data-widget_type=\"button.default\">\n\t\t\t\t<div class=\"elementor-widget-container\">\n\t\t\t\t\t<div class=\"elementor-button-wrapper\">\n\t\t\t<a class=\"elementor-button elementor-button-link elementor-size-sm\" href=\"https:\/\/www.thibaudagoston.com\/\">\n\t\t\t\t\t\t<span class=\"elementor-button-content-wrapper\">\n\t\t\t\t\t\t\t\t\t<span class=\"elementor-button-text\">Voir les prochaines dates<\/span>\n\t\t\t\t\t<\/span>\n\t\t\t\t\t<\/a>\n\t\t<\/div>\n\t\t\t\t<\/div>\n\t\t\t\t<\/div>\n\t\t\t\t<\/div>\n\t\t\t\t\t<\/div>\n\t\t\t\t<\/div>\n\t\t\t\t<\/div>\n\t\t","protected":false},"excerpt":{"rendered":"<p>Cabaret de Clara Morgane Avec son tout dernier spectacle \u00ab\u00a0Au 7\u00e8me\u00a0\u00bb,Clara Morgane vous embarque dans une aventure extraordinaire. Pr\u00e9parez-vous \u00e0 un voyage fascinant o\u00f9 danses envo\u00fbtantes, acrobaties vertigineuses, m\u00e9lodies captivantes, effeuillages burlesques et \u00e9clats de rire sont au programme. D\u00e9couvrir le cabaret \u00ab\u00a0CLARA MORGANE EST UNE \u00c9L\u00c9GANTE MA\u00ceTRESSE DE C\u00c9R\u00c9MONIE, MA\u00ceTRISANT TOUS LES CODES DE [&hellip;]<\/p>\n","protected":false},"author":1,"featured_media":0,"parent":0,"menu_order":0,"comment_status":"closed","ping_status":"closed","template":"elementor_header_footer","meta":{"ocean_post_layout":"","ocean_both_sidebars_style":"","ocean_both_sidebars_content_width":0,"ocean_both_sidebars_sidebars_width":0,"ocean_sidebar":"","ocean_second_sidebar":"","ocean_disable_margins":"enable","ocean_add_body_class":"","ocean_shortcode_before_top_bar":"","ocean_shortcode_after_top_bar":"","ocean_shortcode_before_header":"","ocean_shortcode_after_header":"","ocean_has_shortcode":"","ocean_shortcode_after_title":"","ocean_shortcode_before_footer_widgets":"","ocean_shortcode_after_footer_widgets":"","ocean_shortcode_before_footer_bottom":"","ocean_shortcode_after_footer_bottom":"","ocean_display_top_bar":"default","ocean_display_header":"default","ocean_header_style":"","ocean_center_header_left_menu":"","ocean_custom_header_template":"","ocean_custom_logo":0,"ocean_custom_retina_logo":0,"ocean_custom_logo_max_width":0,"ocean_custom_logo_tablet_max_width":0,"ocean_custom_logo_mobile_max_width":0,"ocean_custom_logo_max_height":0,"ocean_custom_logo_tablet_max_height":0,"ocean_custom_logo_mobile_max_height":0,"ocean_header_custom_menu":"","ocean_menu_typo_font_family":"","ocean_menu_typo_font_subset":"","ocean_menu_typo_font_size":0,"ocean_menu_typo_font_size_tablet":0,"ocean_menu_typo_font_size_mobile":0,"ocean_menu_typo_font_size_unit":"px","ocean_menu_typo_font_weight":"","ocean_menu_typo_font_weight_tablet":"","ocean_menu_typo_font_weight_mobile":"","ocean_menu_typo_transform":"","ocean_menu_typo_transform_tablet":"","ocean_menu_typo_transform_mobile":"","ocean_menu_typo_line_height":0,"ocean_menu_typo_line_height_tablet":0,"ocean_menu_typo_line_height_mobile":0,"ocean_menu_typo_line_height_unit":"","ocean_menu_typo_spacing":0,"ocean_menu_typo_spacing_tablet":0,"ocean_menu_typo_spacing_mobile":0,"ocean_menu_typo_spacing_unit":"","ocean_menu_link_color":"","ocean_menu_link_color_hover":"","ocean_menu_link_color_active":"","ocean_menu_link_background":"","ocean_menu_link_hover_background":"","ocean_menu_link_active_background":"","ocean_menu_social_links_bg":"","ocean_menu_social_hover_links_bg":"","ocean_menu_social_links_color":"","ocean_menu_social_hover_links_color":"","ocean_disable_title":"default","ocean_disable_heading":"default","ocean_post_title":"","ocean_post_subheading":"","ocean_post_title_style":"","ocean_post_title_background_color":"","ocean_post_title_background":0,"ocean_post_title_bg_image_position":"","ocean_post_title_bg_image_attachment":"","ocean_post_title_bg_image_repeat":"","ocean_post_title_bg_image_size":"","ocean_post_title_height":0,"ocean_post_title_bg_overlay":0.5,"ocean_post_title_bg_overlay_color":"","ocean_disable_breadcrumbs":"default","ocean_breadcrumbs_color":"","ocean_breadcrumbs_separator_color":"","ocean_breadcrumbs_links_color":"","ocean_breadcrumbs_links_hover_color":"","ocean_display_footer_widgets":"default","ocean_display_footer_bottom":"default","ocean_custom_footer_template":"","footnotes":""},"class_list":["post-903","page","type-page","status-publish","hentry","entry"],"_links":{"self":[{"href":"https:\/\/demain-c-relache.fr\/index.php\/wp-json\/wp\/v2\/pages\/903","targetHints":{"allow":["GET"]}}],"collection":[{"href":"https:\/\/demain-c-relache.fr\/index.php\/wp-json\/wp\/v2\/pages"}],"about":[{"href":"https:\/\/demain-c-relache.fr\/index.php\/wp-json\/wp\/v2\/types\/page"}],"author":[{"embeddable":true,"href":"https:\/\/demain-c-relache.fr\/index.php\/wp-json\/wp\/v2\/users\/1"}],"replies":[{"embeddable":true,"href":"https:\/\/demain-c-relache.fr\/index.php\/wp-json\/wp\/v2\/comments?post=903"}],"version-history":[{"count":31,"href":"https:\/\/demain-c-relache.fr\/index.php\/wp-json\/wp\/v2\/pages\/903\/revisions"}],"predecessor-version":[{"id":943,"href":"https:\/\/demain-c-relache.fr\/index.php\/wp-json\/wp\/v2\/pages\/903\/revisions\/943"}],"wp:attachment":[{"href":"https:\/\/demain-c-relache.fr\/index.php\/wp-json\/wp\/v2\/media?parent=903"}],"curies":[{"name":"wp","href":"https:\/\/api.w.org\/{rel}","templated":true}]}}